{"id":767,"date":"2024-08-14T21:35:43","date_gmt":"2024-08-14T21:35:43","guid":{"rendered":"https:\/\/allinonegiftshop.com.co\/?post_type=product&#038;p=767"},"modified":"2024-08-14T21:35:43","modified_gmt":"2024-08-14T21:35:43","slug":"happy-nappers-tiburon-22saco-de-dormir","status":"publish","type":"product","link":"https:\/\/allinonegiftshop.com.co\/?product=happy-nappers-tiburon-22saco-de-dormir","title":{"rendered":"HAPPY NAPPERS TIBURON 22SACO DE DORMIR"},"content":{"rendered":"<p>MEDIDAS DE LA ALMOHADA CERRADA 54CMX54CM APROX.<\/p>\n<div>Happy Nappers es el regalo que le robar\u00e1 una sonrisa a tu hijo y cuando llegue la hora de la siesta, solo suelta los broches, abre la cremallera, y as\u00ed tendr\u00e1s un saco de dormir con almohada. Es un compa\u00f1ero suave y acogedor, ideal para fiestas en pijamas y juegos que har\u00e1 que la diversi\u00f3n nunca termine.<\/div>\n<div>\u2022 Perfecto para compartir fiestas de pijamas con tus amigos.<\/div>\n<div>\u2022 Los ni\u00f1os se mantienen c\u00f3modos y tranquilos mientras toman su siesta.<\/div>\n<div>\u2022 Suave y acogedor, ser\u00e1 una compa\u00f1\u00eda ideal para tu hijo.<\/div>\n<div>\u2022 Se recoge f\u00e1cilmente para convertirlo en una almohada peluche de nuevo y seguir la diversi\u00f3n.<\/div>\n<div>\u2022 Una almohada que se convierte en un saco de dormir al abrirlo<\/div>\n<div>MATERIAL<\/div>\n<div>Cubierta en tela de peluche y tela de algod\u00f3n satinado.<\/div>\n","protected":false},"excerpt":{"rendered":"<p>MEDIDAS DE LA ALMOHADA CERRADA 54CMX54CM APROX. Happy Nappers es el regalo que le robar\u00e1 una sonrisa a tu hijo [&hellip;]<\/p>\n","protected":false},"featured_media":769,"comment_status":"open","ping_status":"closed","template":"","meta":{"site-sidebar-layout":"default","site-content-layout":"","ast-site-content-layout":"default","site-content-style":"default","site-sidebar-style":"default","ast-global-header-display":"","ast-banner-title-visibility":"","ast-main-header-display":"","ast-hfb-above-header-display":"","ast-hfb-below-header-display":"","ast-hfb-mobile-header-display":"","site-post-title":"","ast-breadcrumbs-content":"","ast-featured-img":"","footer-sml-layout":"","theme-transparent-header-meta":"default","adv-header-id-meta":"","stick-header-meta":"","header-above-stick-meta":"","header-main-stick-meta":"","header-below-stick-meta":"","astra-migrate-meta-layouts":"set","ast-page-background-enabled":"default","ast-page-background-meta":{"desktop":{"background-color":"var(--ast-global-color-4)","background-image":"","background-repeat":"repeat","background-position":"center center","background-size":"auto","background-attachment":"scroll","background-type":"","background-media":"","overlay-type":"","overlay-color":"","overlay-opacity":"","overlay-gradient":""},"tablet":{"background-color":"","background-image":"","background-repeat":"repeat","background-position":"center center","background-size":"auto","background-attachment":"scroll","background-type":"","background-media":"","overlay-type":"","overlay-color":"","overlay-opacity":"","overlay-gradient":""},"mobile":{"background-color":"","background-image":"","background-repeat":"repeat","background-position":"center center","background-size":"auto","background-attachment":"scroll","background-type":"","background-media":"","overlay-type":"","overlay-color":"","overlay-opacity":"","overlay-gradient":""}},"ast-content-background-meta":{"desktop":{"background-color":"var(--ast-global-color-5)","background-image":"","background-repeat":"repeat","background-position":"center center","background-size":"auto","background-attachment":"scroll","background-type":"","background-media":"","overlay-type":"","overlay-color":"","overlay-opacity":"","overlay-gradient":""},"tablet":{"background-color":"var(--ast-global-color-5)","background-image":"","background-repeat":"repeat","background-position":"center center","background-size":"auto","background-attachment":"scroll","background-type":"","background-media":"","overlay-type":"","overlay-color":"","overlay-opacity":"","overlay-gradient":""},"mobile":{"background-color":"var(--ast-global-color-5)","background-image":"","background-repeat":"repeat","background-position":"center center","background-size":"auto","background-attachment":"scroll","background-type":"","background-media":"","overlay-type":"","overlay-color":"","overlay-opacity":"","overlay-gradient":""}},"_joinchat":[]},"product_cat":[50],"product_tag":[],"class_list":{"0":"post-767","1":"product","2":"type-product","3":"status-publish","4":"has-post-thumbnail","6":"product_cat-juguetes-y-peluches","7":"desktop-align-left","8":"tablet-align-left","9":"mobile-align-left","11":"first","12":"instock","13":"shipping-taxable","14":"purchasable","15":"product-type-simple"},"_links":{"self":[{"href":"https:\/\/allinonegiftshop.com.co\/index.php?rest_route=\/wp\/v2\/product\/767","targetHints":{"allow":["GET"]}}],"collection":[{"href":"https:\/\/allinonegiftshop.com.co\/index.php?rest_route=\/wp\/v2\/product"}],"about":[{"href":"https:\/\/allinonegiftshop.com.co\/index.php?rest_route=\/wp\/v2\/types\/product"}],"replies":[{"embeddable":true,"href":"https:\/\/allinonegiftshop.com.co\/index.php?rest_route=%2Fwp%2Fv2%2Fcomments&post=767"}],"wp:featuredmedia":[{"embeddable":true,"href":"https:\/\/allinonegiftshop.com.co\/index.php?rest_route=\/wp\/v2\/media\/769"}],"wp:attachment":[{"href":"https:\/\/allinonegiftshop.com.co\/index.php?rest_route=%2Fwp%2Fv2%2Fmedia&parent=767"}],"wp:term":[{"taxonomy":"product_cat","embeddable":true,"href":"https:\/\/allinonegiftshop.com.co\/index.php?rest_route=%2Fwp%2Fv2%2Fproduct_cat&post=767"},{"taxonomy":"product_tag","embeddable":true,"href":"https:\/\/allinonegiftshop.com.co\/index.php?rest_route=%2Fwp%2Fv2%2Fproduct_tag&post=767"}],"curies":[{"name":"wp","href":"https:\/\/api.w.org\/{rel}","templated":true}]}}