{"id":4567,"date":"2025-01-17T13:40:06","date_gmt":"2025-01-17T13:40:06","guid":{"rendered":"https:\/\/allinonegiftshop.com.co\/?post_type=product&#038;p=4567"},"modified":"2025-01-17T13:40:06","modified_gmt":"2025-01-17T13:40:06","slug":"peluche-osito-carinosito-tiernosito-cafe-claro-40cm","status":"publish","type":"product","link":"https:\/\/allinonegiftshop.com.co\/?product=peluche-osito-carinosito-tiernosito-cafe-claro-40cm","title":{"rendered":"PELUCHE OSITO CARI\u00d1OSITO TIERNOSITO CAFE CLARO 40CM"},"content":{"rendered":"<p>\u00a1Conoce al peluche Osito Cari\u00f1osito Tiernito en color caf\u00e9 claro de 40 cm! \ud83e\uddf8\ud83d\udc9b Este adorable osito est\u00e1 listo para llenar de ternura y abrazos tus d\u00edas. Su suave pelaje en un bonito tono caf\u00e9 claro y su dulce expresi\u00f3n lo hacen irresistible. \ud83d\ude0d Con un tama\u00f1o perfecto de 40 cm, es ideal para abrazar, decorar o regalar a alguien especial. \ud83c\udf81\u2728 Perfecto para ni\u00f1os y adultos que buscan un compa\u00f1ero suave y cari\u00f1oso. \u00a1No te quedes sin el tuyo y haz que este osito tiernito sea parte de tu vida! \ud83d\udc96<\/p>\n","protected":false},"excerpt":{"rendered":"<p>\u00a1Conoce al peluche Osito Cari\u00f1osito Tiernito en color caf\u00e9 claro de 40 cm! \ud83e\uddf8\ud83d\udc9b Este adorable osito est\u00e1 listo para [&hellip;]<\/p>\n","protected":false},"featured_media":4568,"comment_status":"open","ping_status":"closed","template":"","meta":{"site-sidebar-layout":"default","site-content-layout":"","ast-site-content-layout":"default","site-content-style":"default","site-sidebar-style":"default","ast-global-header-display":"","ast-banner-title-visibility":"","ast-main-header-display":"","ast-hfb-above-header-display":"","ast-hfb-below-header-display":"","ast-hfb-mobile-header-display":"","site-post-title":"","ast-breadcrumbs-content":"","ast-featured-img":"","footer-sml-layout":"","theme-transparent-header-meta":"default","adv-header-id-meta":"","stick-header-meta":"","header-above-stick-meta":"","header-main-stick-meta":"","header-below-stick-meta":"","astra-migrate-meta-layouts":"set","ast-page-background-enabled":"default","ast-page-background-meta":{"desktop":{"background-color":"var(--ast-global-color-4)","background-image":"","background-repeat":"repeat","background-position":"center center","background-size":"auto","background-attachment":"scroll","background-type":"","background-media":"","overlay-type":"","overlay-color":"","overlay-opacity":"","overlay-gradient":""},"tablet":{"background-color":"","background-image":"","background-repeat":"repeat","background-position":"center center","background-size":"auto","background-attachment":"scroll","background-type":"","background-media":"","overlay-type":"","overlay-color":"","overlay-opacity":"","overlay-gradient":""},"mobile":{"background-color":"","background-image":"","background-repeat":"repeat","background-position":"center center","background-size":"auto","background-attachment":"scroll","background-type":"","background-media":"","overlay-type":"","overlay-color":"","overlay-opacity":"","overlay-gradient":""}},"ast-content-background-meta":{"desktop":{"background-color":"var(--ast-global-color-5)","background-image":"","background-repeat":"repeat","background-position":"center center","background-size":"auto","background-attachment":"scroll","background-type":"","background-media":"","overlay-type":"","overlay-color":"","overlay-opacity":"","overlay-gradient":""},"tablet":{"background-color":"var(--ast-global-color-5)","background-image":"","background-repeat":"repeat","background-position":"center center","background-size":"auto","background-attachment":"scroll","background-type":"","background-media":"","overlay-type":"","overlay-color":"","overlay-opacity":"","overlay-gradient":""},"mobile":{"background-color":"var(--ast-global-color-5)","background-image":"","background-repeat":"repeat","background-position":"center center","background-size":"auto","background-attachment":"scroll","background-type":"","background-media":"","overlay-type":"","overlay-color":"","overlay-opacity":"","overlay-gradient":""}},"_joinchat":[]},"product_cat":[50],"product_tag":[],"class_list":{"0":"post-4567","1":"product","2":"type-product","3":"status-publish","4":"has-post-thumbnail","6":"product_cat-juguetes-y-peluches","7":"desktop-align-left","8":"tablet-align-left","9":"mobile-align-left","11":"first","12":"instock","13":"shipping-taxable","14":"purchasable","15":"product-type-simple"},"_links":{"self":[{"href":"https:\/\/allinonegiftshop.com.co\/index.php?rest_route=\/wp\/v2\/product\/4567","targetHints":{"allow":["GET"]}}],"collection":[{"href":"https:\/\/allinonegiftshop.com.co\/index.php?rest_route=\/wp\/v2\/product"}],"about":[{"href":"https:\/\/allinonegiftshop.com.co\/index.php?rest_route=\/wp\/v2\/types\/product"}],"replies":[{"embeddable":true,"href":"https:\/\/allinonegiftshop.com.co\/index.php?rest_route=%2Fwp%2Fv2%2Fcomments&post=4567"}],"wp:featuredmedia":[{"embeddable":true,"href":"https:\/\/allinonegiftshop.com.co\/index.php?rest_route=\/wp\/v2\/media\/4568"}],"wp:attachment":[{"href":"https:\/\/allinonegiftshop.com.co\/index.php?rest_route=%2Fwp%2Fv2%2Fmedia&parent=4567"}],"wp:term":[{"taxonomy":"product_cat","embeddable":true,"href":"https:\/\/allinonegiftshop.com.co\/index.php?rest_route=%2Fwp%2Fv2%2Fproduct_cat&post=4567"},{"taxonomy":"product_tag","embeddable":true,"href":"https:\/\/allinonegiftshop.com.co\/index.php?rest_route=%2Fwp%2Fv2%2Fproduct_tag&post=4567"}],"curies":[{"name":"wp","href":"https:\/\/api.w.org\/{rel}","templated":true}]}}